{"id":24428,"date":"2025-01-13T14:40:09","date_gmt":"2025-01-13T14:40:09","guid":{"rendered":"https:\/\/takayama-site.com\/?page_id=24428"},"modified":"2025-09-25T19:08:24","modified_gmt":"2025-09-25T19:08:24","slug":"contexte","status":"publish","type":"page","link":"https:\/\/takayama-site.com\/dialyse\/contexte\/","title":{"rendered":"Contexte et Objectifs"},"content":{"rendered":"\t\t<div data-elementor-type=\"wp-page\" data-elementor-id=\"24428\" class=\"elementor elementor-24428\">\n\t\t\t\t<div class=\"elementor-element elementor-element-bd51ede e-flex e-con-boxed e-con e-parent\" data-id=\"bd51ede\" data-element_type=\"container\" data-e-type=\"container\">\n\t\t\t\t\t<div class=\"e-con-inner\">\n\t\t\t\t<div class=\"elementor-element elementor-element-d85fbdc elementor-widget elementor-widget-heading\" data-id=\"d85fbdc\" data-element_type=\"widget\" data-e-type=\"widget\" data-widget_type=\"heading.default\">\n\t\t\t\t\t<h3 class=\"elementor-heading-title elementor-size-default\">Contexte<\/h3>\t\t\t\t<\/div>\n\t\t\t\t<div class=\"elementor-element elementor-element-a544a11 elementor-widget elementor-widget-text-editor\" data-id=\"a544a11\" data-element_type=\"widget\" data-e-type=\"widget\" data-widget_type=\"text-editor.default\">\n\t\t\t\t\t\t\t\t\t<div>L\u2019insuffisance r\u00e9nale chronique (IRC) constitue un enjeu majeur de sant\u00e9 publique, touchant un nombre croissant de patients \u00e0 travers le monde. En France, plusieurs milliers de personnes atteintes d\u2019IRC terminale sont trait\u00e9es par dialyse, avec une pr\u00e9dominance de la dialyse en centre malgr\u00e9 l\u2019existence d\u2019alternatives telles que la dialyse \u00e0 domicile (h\u00e9modialyse et dialyse p\u00e9riton\u00e9ale).<\/div><div>\u00a0<\/div><div>Pourtant, la dialyse \u00e0 domicile pr\u00e9sente des b\u00e9n\u00e9fices ind\u00e9niables, tant pour les patients que pour le syst\u00e8me de sant\u00e9 :<\/div><ul style=\"list-style-type: disc;\"><li>Am\u00e9lioration de la qualit\u00e9 de vie et de l\u2019autonomie des patients.<\/li><li>R\u00e9duction des complications et hospitalisations associ\u00e9es aux traitements en centre.<\/li><li>Optimisation des co\u00fbts de prise en charge pour le syst\u00e8me de sant\u00e9.<\/li><\/ul><div><strong>Un D\u00e9veloppement Frein\u00e9 par Plusieurs Obstacles<\/strong><\/div><div>\u00a0<\/div><div>Malgr\u00e9 ces avantages, la dialyse \u00e0 domicile reste faiblement d\u00e9velopp\u00e9e en France, repr\u00e9sentant une proportion bien inf\u00e9rieure \u00e0 celle observ\u00e9e dans d\u2019autres pays europ\u00e9ens. Plusieurs facteurs expliquent cette situation :<\/div><ul style=\"list-style-type: disc;\"><li>Un manque de congr\u00e8s sp\u00e9cifique des professionnels de sant\u00e9, limitant leur capacit\u00e9 \u00e0 proposer et encadrer cette modalit\u00e9.<\/li><li>Des freins organisationnels et logistiques, rendant parfois complexe la mise en place du traitement \u00e0 domicile.<\/li><li>Une absence d\u2019incitations financi\u00e8res suffisantes, freinant le d\u00e9veloppement de cette alternative dans les \u00e9tablissements de sant\u00e9.<\/li><\/ul><div>Face \u00e0 ces d\u00e9fis, la Soci\u00e9t\u00e9 Francophone de N\u00e9phrologie, Dialyse et Transplantation (SFNDT) s\u2019est mobilis\u00e9e en r\u00e9digeant un \u00ab livre blanc \u00bb, proposant des mesures concr\u00e8tes pour lever ces barri\u00e8res et favoriser l\u2019essor de la dialyse \u00e0 domicile en France, en compl\u00e9ment du livre blanc de la DAD.<\/div><div>\u00a0<\/div><div><strong>Pourquoi cette journ\u00e9e ?<\/strong><\/div><div>\u00a0<\/div><div>Cette journ\u00e9e vise \u00e0 r\u00e9pondre \u00e0 ces enjeux en apportant aux professionnels de sant\u00e9 :<\/div><ul style=\"list-style-type: disc;\"><li>Les connaissances th\u00e9oriques et pratiques n\u00e9cessaires \u00e0 la prise en charge des patients sous dialyse \u00e0 domicile.<\/li><li>Une meilleure compr\u00e9hension des enjeux et solutions li\u00e9s \u00e0 l\u2019essor de cette modalit\u00e9.<\/li><li>Un espace d\u2019\u00e9change et de partage d\u2019exp\u00e9riences avec des experts du domaine.<\/li><\/ul><div>En int\u00e9grant les avanc\u00e9es technologiques, les recommandations r\u00e9centes et les enjeux de financement, ce\u00a0congr\u00e8s se positionne comme un levier essentiel pour favoriser le d\u00e9veloppement de la dialyse \u00e0 domicile et am\u00e9liorer la prise en charge des patients insuffisants r\u00e9naux en France.<\/div>\t\t\t\t\t\t\t\t<\/div>\n\t\t\t\t<div class=\"elementor-element elementor-element-7e18382 elementor-widget elementor-widget-heading\" data-id=\"7e18382\" data-element_type=\"widget\" data-e-type=\"widget\" data-widget_type=\"heading.default\">\n\t\t\t\t\t<h3 class=\"elementor-heading-title elementor-size-default\">Objectifs<\/h3>\t\t\t\t<\/div>\n\t\t\t\t<div class=\"elementor-element elementor-element-97ed334 elementor-widget elementor-widget-text-editor\" data-id=\"97ed334\" data-element_type=\"widget\" data-e-type=\"widget\" data-widget_type=\"text-editor.default\">\n\t\t\t\t\t\t\t\t\t<ul style=\"list-style-type: disc;\"><li>Conna\u00eetre les modalit\u00e9s de dialyse \u00e0 domicile (h\u00e9modialyse et dialyse p\u00e9riton\u00e9ale) et leurs indications.<\/li><li><div>Ma\u00eetriser les protocoles de suivi et de surveillance des patients sous dialyse \u00e0 domicile.<\/div><\/li><li><div>Identifier les crit\u00e8res d\u2019\u00e9ligibilit\u00e9 et les facteurs favorisant l\u2019adh\u00e9sion des patients \u00e0 cette modalit\u00e9 th\u00e9rapeutique.<\/div><\/li><li><div>Former les patients et leurs aidants aux bonnes pratiques d\u2019auto-soins et de pr\u00e9vention des complications.<\/div><\/li><li><div>Optimiser la coordination entre les professionnels de sant\u00e9 pour un suivi efficace et personnalis\u00e9.<\/div><\/li><li><div>Int\u00e9grer les innovations technologiques et digitales dans la gestion de la dialyse \u00e0 domicile.<\/div><\/li><li><div>Comprendre les freins au d\u00e9veloppement de la dialyse \u00e0 domicile et explorer les leviers d\u2019action possibles (formation, financement, organisation des soins).<\/div><\/li><\/ul>\t\t\t\t\t\t\t\t<\/div>\n\t\t\t\t<div class=\"elementor-element elementor-element-22873eb elementor-widget elementor-widget-heading\" data-id=\"22873eb\" data-element_type=\"widget\" data-e-type=\"widget\" data-widget_type=\"heading.default\">\n\t\t\t\t\t<h3 class=\"elementor-heading-title elementor-size-default\">\u00c0 qui s'adresse cette journ\u00e9e ?\u200b<\/h3>\t\t\t\t<\/div>\n\t\t\t\t<div class=\"elementor-element elementor-element-e8ef9f5 elementor-widget-divider--view-line elementor-widget elementor-widget-divider\" data-id=\"e8ef9f5\" data-element_type=\"widget\" data-e-type=\"widget\" data-widget_type=\"divider.default\">\n\t\t\t\t\t\t\t<div class=\"elementor-divider\">\n\t\t\t<span class=\"elementor-divider-separator\">\n\t\t\t\t\t\t<\/span>\n\t\t<\/div>\n\t\t\t\t\t\t<\/div>\n\t\t\t\t<div class=\"elementor-element elementor-element-40e3d09 elementor-widget elementor-widget-text-editor\" data-id=\"40e3d09\" data-element_type=\"widget\" data-e-type=\"widget\" data-widget_type=\"text-editor.default\">\n\t\t\t\t\t\t\t\t\t<ul><li><strong>Professionnels de sant\u00e9<\/strong> impliqu\u00e9s dans la prise en charge des patients en dialyse \u00e0 domicile<\/li><li><strong>M\u00e9decins<\/strong>\u00a0et\u00a0<strong>n\u00e9phrologues<\/strong><\/li><li><strong>Infirmiers sp\u00e9cialis\u00e9s<\/strong> dans la dialyse<\/li><li><strong>Infirmi\u00e8res de Pratique Avanc\u00e9e (IPA)<\/strong><\/li><li><strong>Patients<\/strong> en dialyse \u00e0 domicile<\/li><li><strong>ARS<\/strong> (Agences R\u00e9gionales de Sant\u00e9)<\/li><li><strong>D\u00e9put\u00e9s<\/strong> et autres d\u00e9cideurs politiques<\/li><li><strong>Autres professionnels de sant\u00e9<\/strong> travaillant dans des centres de dialyse ou des \u00e9tablissements de sant\u00e9 o\u00f9 la dialyse \u00e0 domicile est pratiqu\u00e9e ou envisag\u00e9e<\/li><\/ul>\t\t\t\t\t\t\t\t<\/div>\n\t\t\t\t\t<\/div>\n\t\t\t\t<\/div>\n\t\t\t\t<\/div>\n\t\t","protected":false},"excerpt":{"rendered":"<p>Contexte L\u2019insuffisance r\u00e9nale chronique (IRC) constitue un enjeu majeur de sant\u00e9 publique, touchant un nombre croissant de patients \u00e0 travers le monde. [&hellip;]<\/p>\n","protected":false},"author":1,"featured_media":0,"parent":0,"menu_order":0,"comment_status":"closed","ping_status":"closed","template":"","meta":{"_acf_changed":false,"footnotes":""},"class_list":["post-24428","page","type-page","status-publish","hentry"],"acf":[],"rttpg_featured_image_url":null,"rttpg_author":{"display_name":"takayama","author_link":"https:\/\/takayama-site.com\/dialyse\/author\/takayama\/"},"rttpg_comment":0,"rttpg_category":null,"rttpg_excerpt":"Contexte L\u2019insuffisance r\u00e9nale chronique (IRC) constitue un enjeu majeur de sant\u00e9 publique, touchant un nombre croissant de patients \u00e0 travers le monde. [&hellip;]","_links":{"self":[{"href":"https:\/\/takayama-site.com\/dialyse\/wp-json\/wp\/v2\/pages\/24428","targetHints":{"allow":["GET"]}}],"collection":[{"href":"https:\/\/takayama-site.com\/dialyse\/wp-json\/wp\/v2\/pages"}],"about":[{"href":"https:\/\/takayama-site.com\/dialyse\/wp-json\/wp\/v2\/types\/page"}],"author":[{"embeddable":true,"href":"https:\/\/takayama-site.com\/dialyse\/wp-json\/wp\/v2\/users\/1"}],"replies":[{"embeddable":true,"href":"https:\/\/takayama-site.com\/dialyse\/wp-json\/wp\/v2\/comments?post=24428"}],"version-history":[{"count":85,"href":"https:\/\/takayama-site.com\/dialyse\/wp-json\/wp\/v2\/pages\/24428\/revisions"}],"predecessor-version":[{"id":25598,"href":"https:\/\/takayama-site.com\/dialyse\/wp-json\/wp\/v2\/pages\/24428\/revisions\/25598"}],"wp:attachment":[{"href":"https:\/\/takayama-site.com\/dialyse\/wp-json\/wp\/v2\/media?parent=24428"}],"curies":[{"name":"wp","href":"https:\/\/api.w.org\/{rel}","templated":true}]}}