{"id":24661,"date":"2025-01-14T10:52:59","date_gmt":"2025-01-14T10:52:59","guid":{"rendered":"https:\/\/echographie.takayama-site.com\/?page_id=24661"},"modified":"2025-11-28T15:41:33","modified_gmt":"2025-11-28T15:41:33","slug":"inscription","status":"publish","type":"page","link":"https:\/\/takayama-site.com\/dialyse\/inscription\/","title":{"rendered":"Inscription"},"content":{"rendered":"\t\t<div data-elementor-type=\"wp-page\" data-elementor-id=\"24661\" class=\"elementor elementor-24661\">\n\t\t\t\t<div class=\"elementor-element elementor-element-969576d e-flex e-con-boxed e-con e-parent\" data-id=\"969576d\" data-element_type=\"container\" data-e-type=\"container\">\n\t\t\t\t\t<div class=\"e-con-inner\">\n\t\t\t\t<div class=\"elementor-element elementor-element-cd474cf elementor-widget elementor-widget-heading\" data-id=\"cd474cf\" data-element_type=\"widget\" data-e-type=\"widget\" data-widget_type=\"heading.default\">\n\t\t\t\t\t<h3 class=\"elementor-heading-title elementor-size-default\">A) Financement Personnel<\/h3>\t\t\t\t<\/div>\n\t\t\t\t<div class=\"elementor-element elementor-element-a0544f9 elementor-widget elementor-widget-text-editor\" data-id=\"a0544f9\" data-element_type=\"widget\" data-e-type=\"widget\" data-widget_type=\"text-editor.default\">\n\t\t\t\t\t\t\t\t\t<p style=\"text-align: center;\">\u00a0<\/p><table style=\"width: 100%; height: 120px;\"><tbody><tr style=\"background-color: #9a02f2;\"><td style=\"width: 50%; text-align: center; height: 24px;\"><span style=\"color: #ffffff;\"><strong>Cat\u00e9gorie<\/strong><\/span><\/td><td style=\"text-align: center; height: 24px; width: 27.249%;\"><span style=\"color: #ffffff;\"><strong>Prix<\/strong><\/span><\/td><\/tr><tr style=\"height: 48px;\"><td style=\"text-align: center; height: 48px; width: 50%;\"><strong>Internes, \u00e9tudiants, infirmiers et IPA<\/strong><\/td><td style=\"text-align: center; height: 48px; width: 27.249%;\">190 \u20ac HT<\/td><\/tr><tr style=\"height: 24px;\"><td style=\"text-align: center; height: 24px; width: 50%;\"><strong>M\u00e9decins<\/strong><\/td><td style=\"text-align: center; height: 24px; width: 27.249%;\">390 \u20ac HT<\/td><\/tr><tr style=\"height: 24px;\"><td style=\"text-align: center; height: 24px; width: 50%;\"><strong>Industries<\/strong><\/td><td style=\"text-align: center; height: 24px; width: 27.249%;\">670 \u20ac HT<\/td><\/tr><tr><td style=\"text-align: center; width: 50%;\"><strong>Participation en ligne<\/strong><\/td><td style=\"text-align: center; width: 27.249%;\">125 \u20ac HT<\/td><\/tr><\/tbody><\/table><p style=\"text-align: center;\">\u00a0<\/p>\t\t\t\t\t\t\t\t<\/div>\n\t\t\t\t<div class=\"elementor-element elementor-element-d956a0e elementor-align-center elementor-widget elementor-widget-button\" data-id=\"d956a0e\" data-element_type=\"widget\" data-e-type=\"widget\" data-widget_type=\"button.default\">\n\t\t\t\t\t\t\t\t\t\t<a class=\"elementor-button elementor-button-link elementor-size-sm\" href=\"https:\/\/buytickets.at\/takayama\/1582882\">\n\t\t\t\t\t\t<span class=\"elementor-button-content-wrapper\">\n\t\t\t\t\t\t\t\t\t<span class=\"elementor-button-text\">Inscrire<\/span>\n\t\t\t\t\t<\/span>\n\t\t\t\t\t<\/a>\n\t\t\t\t\t\t\t\t<\/div>\n\t\t\t\t<div class=\"elementor-element elementor-element-bfaf036 elementor-widget elementor-widget-text-editor\" data-id=\"bfaf036\" data-element_type=\"widget\" data-e-type=\"widget\" data-widget_type=\"text-editor.default\">\n\t\t\t\t\t\t\t\t\t<ul><li class=\"whitespace-normal break-words\">Les r\u00e8glements s&rsquo;effectuent par carte bancaire.<\/li><li class=\"whitespace-normal break-words\">Pour un paiement par virement bancaire, merci de nous contacter \u00e0 l&rsquo;adresse dialyse@takayama-site.com en pr\u00e9cisant : nom du participant, cat\u00e9gorie d&rsquo;inscription et adresse de facturation.<\/li><\/ul>\t\t\t\t\t\t\t\t<\/div>\n\t\t\t\t<div class=\"elementor-element elementor-element-49fdb07 elementor-widget-divider--view-line elementor-widget elementor-widget-divider\" data-id=\"49fdb07\" data-element_type=\"widget\" data-e-type=\"widget\" data-widget_type=\"divider.default\">\n\t\t\t\t\t\t\t<div class=\"elementor-divider\">\n\t\t\t<span class=\"elementor-divider-separator\">\n\t\t\t\t\t\t<\/span>\n\t\t<\/div>\n\t\t\t\t\t\t<\/div>\n\t\t\t\t<div class=\"elementor-element elementor-element-fc6ad7c elementor-widget elementor-widget-heading\" data-id=\"fc6ad7c\" data-element_type=\"widget\" data-e-type=\"widget\" data-widget_type=\"heading.default\">\n\t\t\t\t\t<h3 class=\"elementor-heading-title elementor-size-default\">B) Prise en charge par le service formation<\/h3>\t\t\t\t<\/div>\n\t\t\t\t<div class=\"elementor-element elementor-element-d36fcde elementor-widget elementor-widget-text-editor\" data-id=\"d36fcde\" data-element_type=\"widget\" data-e-type=\"widget\" data-widget_type=\"text-editor.default\">\n\t\t\t\t\t\t\t\t\t<p>Vous pouvez demander la prise en charge de cette journ\u00e9e par le service de formation de votre \u00e9tablissement (budget formation ; OPCO de type ANFH ; etc).<\/p><div class=\"elementor-element elementor-element-c1ba6be elementor-widget elementor-widget-text-editor\" data-id=\"c1ba6be\" data-element_type=\"widget\" data-widget_type=\"text-editor.default\"><div class=\"elementor-element elementor-element-c1ba6be elementor-widget elementor-widget-text-editor\" data-id=\"c1ba6be\" data-element_type=\"widget\" data-widget_type=\"text-editor.default\"><p><strong>Pour m\u2019inscrire <\/strong>:<\/p><ol><li>\u00a0Je me <b>pr\u00e9-inscris<\/b><b>\u00a0en ligne\u00a0<\/b>sur le site Takayama: <a href=\"https:\/\/takayama-site.com\/dialyse\/formulaire-inscription\/\">Formulaire d\u2019inscription<\/a><\/li><li>Je re\u00e7ois un mail avec mon <b>bulletin d\u2019inscription<\/b>; je l\u2019adresse \u00e0 la direction de mon \u00e9tablissement en charge de la formation pour\u00a0<b>validation\u00a0<\/b>et\u00a0<b>signature.\u00a0<\/b>Je le retourne ensuite par email \u00e0 dialyse@takayama-site.com<br \/><strong>IMPORTANT :<\/strong> vous devez nous retourner le bulletin d\u2019inscription au plus tard 7 jours avant le d\u00e9marrage de la formation. \u00c0 d\u00e9faut, vous devrez financer vous-m\u00eame cette formation pour pouvoir y participer.<\/li><li>D\u00e8s r\u00e9ception de votre bulletin d\u2019inscription sign\u00e9, nous vous adresserons un email de confirmation d\u2019inscription.<\/li><li>Dans l\u2019hypoth\u00e8se o\u00f9 votre \u00e9tablissement accepte de prendre en charge (impliquant que vous nous retourniez le bulletin d\u2019inscription sign\u00e9), le r\u00e8glement s\u2019effectuera apr\u00e8s service fait.<\/li><\/ol><\/div><\/div>\t\t\t\t\t\t\t\t<\/div>\n\t\t\t\t<div class=\"elementor-element elementor-element-5eb27de elementor-widget-divider--view-line elementor-widget elementor-widget-divider\" data-id=\"5eb27de\" data-element_type=\"widget\" data-e-type=\"widget\" data-widget_type=\"divider.default\">\n\t\t\t\t\t\t\t<div class=\"elementor-divider\">\n\t\t\t<span class=\"elementor-divider-separator\">\n\t\t\t\t\t\t<\/span>\n\t\t<\/div>\n\t\t\t\t\t\t<\/div>\n\t\t\t\t<div class=\"elementor-element elementor-element-9401398 elementor-widget elementor-widget-text-editor\" data-id=\"9401398\" data-element_type=\"widget\" data-e-type=\"widget\" data-widget_type=\"text-editor.default\">\n\t\t\t\t\t\t\t\t\t<p><strong>Politique de modification et d\u2019annulation<\/strong><\/p><ul><li>Les remplacements ou substitutions sont gratuits. Vous devez soumettre une lettre autorisant le transfert sign\u00e9e par le d\u00e9l\u00e9gu\u00e9 inscrit deux jours avant la date de d\u00e9but de l\u2019\u00e9v\u00e9nement.<\/li><li>L\u2019annulation de participation \u00e0 un \u00e9v\u00e9nement sera accept\u00e9e si elle est re\u00e7ue au moins 30 jours avant l\u2019\u00e9v\u00e9nement, soit avant le 4 novembre.<\/li><li>En cas d\u2019annulation avant le 4 novembre : des frais d\u2019annulation d\u2019un montant de 50% plus 70\u20ac de frais de dossier seront retenus.\u00a0<\/li><li>En cas d\u2019annulation \u00e0 partir du 4 novembre : aucune annulation ne sera rembours\u00e9e.<\/li><\/ul>\t\t\t\t\t\t\t\t<\/div>\n\t\t\t\t\t<\/div>\n\t\t\t\t<\/div>\n\t\t\t\t<\/div>\n\t\t","protected":false},"excerpt":{"rendered":"<p>A) Financement Personnel \u00a0 Cat\u00e9gorie Prix Internes, \u00e9tudiants, infirmiers et IPA 190 \u20ac HT M\u00e9decins 390 \u20ac HT Industries 670 \u20ac HT [&hellip;]<\/p>\n","protected":false},"author":1,"featured_media":0,"parent":0,"menu_order":0,"comment_status":"closed","ping_status":"closed","template":"","meta":{"_acf_changed":false,"footnotes":""},"class_list":["post-24661","page","type-page","status-publish","hentry"],"acf":[],"rttpg_featured_image_url":null,"rttpg_author":{"display_name":"takayama","author_link":"https:\/\/takayama-site.com\/dialyse\/author\/takayama\/"},"rttpg_comment":0,"rttpg_category":null,"rttpg_excerpt":"A) Financement Personnel \u00a0 Cat\u00e9gorie Prix Internes, \u00e9tudiants, infirmiers et IPA 190 \u20ac HT M\u00e9decins 390 \u20ac HT Industries 670 \u20ac HT [&hellip;]","_links":{"self":[{"href":"https:\/\/takayama-site.com\/dialyse\/wp-json\/wp\/v2\/pages\/24661","targetHints":{"allow":["GET"]}}],"collection":[{"href":"https:\/\/takayama-site.com\/dialyse\/wp-json\/wp\/v2\/pages"}],"about":[{"href":"https:\/\/takayama-site.com\/dialyse\/wp-json\/wp\/v2\/types\/page"}],"author":[{"embeddable":true,"href":"https:\/\/takayama-site.com\/dialyse\/wp-json\/wp\/v2\/users\/1"}],"replies":[{"embeddable":true,"href":"https:\/\/takayama-site.com\/dialyse\/wp-json\/wp\/v2\/comments?post=24661"}],"version-history":[{"count":109,"href":"https:\/\/takayama-site.com\/dialyse\/wp-json\/wp\/v2\/pages\/24661\/revisions"}],"predecessor-version":[{"id":25709,"href":"https:\/\/takayama-site.com\/dialyse\/wp-json\/wp\/v2\/pages\/24661\/revisions\/25709"}],"wp:attachment":[{"href":"https:\/\/takayama-site.com\/dialyse\/wp-json\/wp\/v2\/media?parent=24661"}],"curies":[{"name":"wp","href":"https:\/\/api.w.org\/{rel}","templated":true}]}}