{"id":25051,"date":"2025-02-07T13:31:41","date_gmt":"2025-02-07T13:31:41","guid":{"rendered":"https:\/\/takayama-site.com\/dialyse\/?page_id=25051"},"modified":"2025-11-13T13:42:20","modified_gmt":"2025-11-13T13:42:20","slug":"venue","status":"publish","type":"page","link":"https:\/\/takayama-site.com\/dialyse\/venue\/","title":{"rendered":"Venue"},"content":{"rendered":"<p style=\"text-align: center;\"><span style=\"color: #e01b91;\"><strong>Fondation Biermans-Lap\u00f4tre<br \/>\n<\/strong><\/span>Cit\u00e9 Internationale Universitaire de Paris<br \/>\n7 Boulevard Jourdan<br \/>\n75014 Paris, France<\/p>\n<p><img fetchpriority=\"high\" decoding=\"async\" class=\"aligncenter wp-image-25052 size-full\" src=\"https:\/\/takayama-site.com\/dialyse\/wp-content\/uploads\/2025\/02\/Fondation-Biermans-Lapotre-e1763041285839.jpg\" alt=\"\" width=\"500\" height=\"393\" srcset=\"https:\/\/takayama-site.com\/dialyse\/wp-content\/uploads\/2025\/02\/Fondation-Biermans-Lapotre-e1763041285839.jpg 500w, https:\/\/takayama-site.com\/dialyse\/wp-content\/uploads\/2025\/02\/Fondation-Biermans-Lapotre-e1763041285839-300x236.jpg 300w\" sizes=\"(max-width: 500px) 100vw, 500px\" \/><\/p>\n<hr \/>\n<h3 class=\"elementor-heading-title elementor-size-default\">R\u00e9servez votre s\u00e9jour<\/h3>\n<p><script id=\"revolugo-widget\" src=\"https:\/\/widget.revolugo.com\/embed\" data-wid=\"la-dialyse-a-domicile\"><\/script><\/p>\n<hr \/>\n<p><strong>Acc\u00e8s au lieu par transports public<\/strong>\u00a0:<\/p>\n<p>\u2013 M\u00e9tro\/RER : RER B -Cit\u00e9 Internationale<br \/>\n\u2013 Tramway : Tram 3 \u2013 Cit\u00e9 Internationale<\/p>\n","protected":false},"excerpt":{"rendered":"<p>Fondation Biermans-Lap\u00f4tre Cit\u00e9 Internationale Universitaire de Paris 7 Boulevard Jourdan 75014 Paris, France R\u00e9servez votre s\u00e9jour Acc\u00e8s au lieu par transports public\u00a0: [&hellip;]<\/p>\n","protected":false},"author":1,"featured_media":0,"parent":0,"menu_order":0,"comment_status":"closed","ping_status":"closed","template":"","meta":{"_acf_changed":false,"footnotes":""},"class_list":["post-25051","page","type-page","status-publish","hentry"],"acf":[],"rttpg_featured_image_url":null,"rttpg_author":{"display_name":"takayama","author_link":"https:\/\/takayama-site.com\/dialyse\/author\/takayama\/"},"rttpg_comment":0,"rttpg_category":null,"rttpg_excerpt":"Fondation Biermans-Lap\u00f4tre Cit\u00e9 Internationale Universitaire de Paris 7 Boulevard Jourdan 75014 Paris, France R\u00e9servez votre s\u00e9jour Acc\u00e8s au lieu par transports public\u00a0: [&hellip;]","_links":{"self":[{"href":"https:\/\/takayama-site.com\/dialyse\/wp-json\/wp\/v2\/pages\/25051","targetHints":{"allow":["GET"]}}],"collection":[{"href":"https:\/\/takayama-site.com\/dialyse\/wp-json\/wp\/v2\/pages"}],"about":[{"href":"https:\/\/takayama-site.com\/dialyse\/wp-json\/wp\/v2\/types\/page"}],"author":[{"embeddable":true,"href":"https:\/\/takayama-site.com\/dialyse\/wp-json\/wp\/v2\/users\/1"}],"replies":[{"embeddable":true,"href":"https:\/\/takayama-site.com\/dialyse\/wp-json\/wp\/v2\/comments?post=25051"}],"version-history":[{"count":4,"href":"https:\/\/takayama-site.com\/dialyse\/wp-json\/wp\/v2\/pages\/25051\/revisions"}],"predecessor-version":[{"id":25632,"href":"https:\/\/takayama-site.com\/dialyse\/wp-json\/wp\/v2\/pages\/25051\/revisions\/25632"}],"wp:attachment":[{"href":"https:\/\/takayama-site.com\/dialyse\/wp-json\/wp\/v2\/media?parent=25051"}],"curies":[{"name":"wp","href":"https:\/\/api.w.org\/{rel}","templated":true}]}}