{"id":25066,"date":"2025-02-07T13:51:42","date_gmt":"2025-02-07T13:51:42","guid":{"rendered":"https:\/\/takayama-site.com\/dialyse\/?page_id=25066"},"modified":"2025-03-26T09:39:37","modified_gmt":"2025-03-26T09:39:37","slug":"nos-formations","status":"publish","type":"page","link":"https:\/\/takayama-site.com\/dialyse\/nos-formations\/","title":{"rendered":"Nos Formations"},"content":{"rendered":"<div class=\"elementor-element elementor-element-4c732b07 e-con-full e-flex e-con e-child\" data-id=\"4c732b07\" data-element_type=\"container\">\n<div class=\"elementor-element elementor-element-35b2ad0 elementor-widget elementor-widget-text-editor\" data-id=\"35b2ad0\" data-element_type=\"widget\" data-widget_type=\"text-editor.default\">\n<div class=\"elementor-element elementor-element-cd598e8 elementor-widget elementor-widget-heading\" data-id=\"cd598e8\" data-element_type=\"widget\" data-widget_type=\"heading.default\">\n<div class=\"elementor-widget-container\">\n<p>&nbsp;<\/p>\n<p>Takayama est un acteur reconnu dans la formation m\u00e9dicale continue. Nous nous engageons \u00e0 fournir des programmes de qualit\u00e9, bas\u00e9s sur les derni\u00e8res avanc\u00e9es scientifiques, pour accompagner les professionnels de sant\u00e9 dans l\u2019\u00e9volution de leurs pratiques.<\/p>\n<\/div>\n<\/div>\n<\/div>\n<\/div>\n<div class=\"elementor-element elementor-element-75d0080e e-con-full e-flex e-con e-child\" data-id=\"75d0080e\" data-element_type=\"container\">\n<div class=\"elementor-element elementor-element-c72025e e-con-full e-flex e-con e-child\" data-id=\"c72025e\" data-element_type=\"container\" data-settings=\"{&quot;background_background&quot;:&quot;classic&quot;}\">\n<div class=\"elementor-element elementor-element-65749c9 elementor-widget elementor-widget-heading\" data-id=\"65749c9\" data-element_type=\"widget\" data-widget_type=\"heading.default\">\n<hr \/>\n<\/div>\n<\/div>\n<\/div>\n<p style=\"text-align: center;\"><span style=\"color: #e62984;\"><strong>Formation sur l&rsquo;Echographie en N\u00e9phrologie\u00a0<\/strong><\/span><br \/>\nAccr\u00e9dit\u00e9e par le DPC<br \/>\n25 juin ou 26 septembre 2025<\/p>\n<p><img fetchpriority=\"high\" decoding=\"async\" class=\"aligncenter wp-image-25341\" src=\"https:\/\/takayama-site.com\/dialyse\/wp-content\/uploads\/2025\/03\/cover-social-speakers-small.jpg\" alt=\"\" width=\"327\" height=\"463\" srcset=\"https:\/\/takayama-site.com\/dialyse\/wp-content\/uploads\/2025\/03\/cover-social-speakers-small.jpg 595w, https:\/\/takayama-site.com\/dialyse\/wp-content\/uploads\/2025\/03\/cover-social-speakers-small-212x300.jpg 212w, https:\/\/takayama-site.com\/dialyse\/wp-content\/uploads\/2025\/03\/cover-social-speakers-small-459x650.jpg 459w\" sizes=\"(max-width: 327px) 100vw, 327px\" \/><\/p>\n<p style=\"text-align: center;\"><a href=\"https:\/\/takayama-site.com\/echographie\/\">En savoir plus.<\/a><\/p>\n<hr \/>\n<p style=\"text-align: center;\"><span style=\"color: #e62984;\"><strong>3\u00e8me Conf\u00e9rence sur l&rsquo;Intelligence Artificielle et N\u00e9phrologie<\/strong><\/span><br \/>\n20-21 novembre 2025<\/p>\n<p><img decoding=\"async\" class=\"aligncenter wp-image-24939\" src=\"https:\/\/takayama-site.com\/dialyse\/wp-content\/uploads\/2025\/02\/A4-AINEPHROLOGIE.png\" alt=\"\" width=\"327\" height=\"462\" srcset=\"https:\/\/takayama-site.com\/dialyse\/wp-content\/uploads\/2025\/02\/A4-AINEPHROLOGIE.png 794w, https:\/\/takayama-site.com\/dialyse\/wp-content\/uploads\/2025\/02\/A4-AINEPHROLOGIE-212x300.png 212w, https:\/\/takayama-site.com\/dialyse\/wp-content\/uploads\/2025\/02\/A4-AINEPHROLOGIE-724x1024.png 724w, https:\/\/takayama-site.com\/dialyse\/wp-content\/uploads\/2025\/02\/A4-AINEPHROLOGIE-768x1086.png 768w, https:\/\/takayama-site.com\/dialyse\/wp-content\/uploads\/2025\/02\/A4-AINEPHROLOGIE-460x650.png 460w\" sizes=\"(max-width: 327px) 100vw, 327px\" \/><\/p>\n<p style=\"text-align: center;\"><a href=\"https:\/\/targeting-ai.com\/nephrologie\/\">En savoir plus.<\/a><\/p>\n","protected":false},"excerpt":{"rendered":"<p>&nbsp; Takayama est un acteur reconnu dans la formation m\u00e9dicale continue. Nous nous engageons \u00e0 fournir des programmes de qualit\u00e9, bas\u00e9s sur [&hellip;]<\/p>\n","protected":false},"author":1,"featured_media":0,"parent":0,"menu_order":0,"comment_status":"closed","ping_status":"closed","template":"","meta":{"_acf_changed":false,"footnotes":""},"class_list":["post-25066","page","type-page","status-publish","hentry"],"acf":[],"rttpg_featured_image_url":null,"rttpg_author":{"display_name":"takayama","author_link":"https:\/\/takayama-site.com\/dialyse\/author\/takayama\/"},"rttpg_comment":0,"rttpg_category":null,"rttpg_excerpt":"&nbsp; Takayama est un acteur reconnu dans la formation m\u00e9dicale continue. Nous nous engageons \u00e0 fournir des programmes de qualit\u00e9, bas\u00e9s sur [&hellip;]","_links":{"self":[{"href":"https:\/\/takayama-site.com\/dialyse\/wp-json\/wp\/v2\/pages\/25066","targetHints":{"allow":["GET"]}}],"collection":[{"href":"https:\/\/takayama-site.com\/dialyse\/wp-json\/wp\/v2\/pages"}],"about":[{"href":"https:\/\/takayama-site.com\/dialyse\/wp-json\/wp\/v2\/types\/page"}],"author":[{"embeddable":true,"href":"https:\/\/takayama-site.com\/dialyse\/wp-json\/wp\/v2\/users\/1"}],"replies":[{"embeddable":true,"href":"https:\/\/takayama-site.com\/dialyse\/wp-json\/wp\/v2\/comments?post=25066"}],"version-history":[{"count":5,"href":"https:\/\/takayama-site.com\/dialyse\/wp-json\/wp\/v2\/pages\/25066\/revisions"}],"predecessor-version":[{"id":25345,"href":"https:\/\/takayama-site.com\/dialyse\/wp-json\/wp\/v2\/pages\/25066\/revisions\/25345"}],"wp:attachment":[{"href":"https:\/\/takayama-site.com\/dialyse\/wp-json\/wp\/v2\/media?parent=25066"}],"curies":[{"name":"wp","href":"https:\/\/api.w.org\/{rel}","templated":true}]}}