{"id":24073,"date":"2025-01-13T14:40:09","date_gmt":"2025-01-13T14:40:09","guid":{"rendered":"https:\/\/takayama-site.com\/?page_id=24073"},"modified":"2025-03-03T11:56:03","modified_gmt":"2025-03-03T11:56:03","slug":"sinscrire-et-financer-son-dpc","status":"publish","type":"page","link":"https:\/\/takayama-site.com\/echographie\/sinscrire-et-financer-son-dpc\/","title":{"rendered":"S&rsquo;inscrire et financer son DPC"},"content":{"rendered":"\t\t<div data-elementor-type=\"wp-page\" data-elementor-id=\"24073\" class=\"elementor elementor-24073\">\n\t\t\t\t<div class=\"elementor-element elementor-element-407d0b1a e-flex e-con-boxed e-con e-parent\" data-id=\"407d0b1a\" data-element_type=\"container\" data-e-type=\"container\">\n\t\t\t\t\t<div class=\"e-con-inner\">\n\t\t<div class=\"elementor-element elementor-element-6064f830 e-con-full e-flex e-con e-child\" data-id=\"6064f830\" data-element_type=\"container\" data-e-type=\"container\">\n\t\t<div class=\"elementor-element elementor-element-382ccf41 e-con-full e-flex e-con e-child\" data-id=\"382ccf41\" data-element_type=\"container\" data-e-type=\"container\">\n\t\t\t\t<div class=\"elementor-element elementor-element-5aa6f79 e-n-tabs-mobile elementor-widget elementor-widget-n-tabs\" data-id=\"5aa6f79\" data-element_type=\"widget\" data-e-type=\"widget\" data-settings=\"{&quot;horizontal_scroll&quot;:&quot;disable&quot;}\" data-widget_type=\"nested-tabs.default\">\n\t\t\t\t\t\t\t<div class=\"e-n-tabs\" data-widget-number=\"95055737\" aria-label=\"Onglets. Ouvrez des \u00e9l\u00e9ments avec Entrer ou Espace, fermez-les avec Echape et naviguez \u00e0 l&#039;aide des touches fl\u00e9ch\u00e9es.\">\n\t\t\t<div class=\"e-n-tabs-heading\" role=\"tablist\">\n\t\t\t\t\t<button id=\"e-n-tab-title-950557371\" data-tab-title-id=\"e-n-tab-title-950557371\" class=\"e-n-tab-title\" aria-selected=\"true\" data-tab-index=\"1\" role=\"tab\" tabindex=\"0\" aria-controls=\"e-n-tab-content-950557371\" style=\"--n-tabs-title-order: 1;\">\n\t\t\t\t\t\t<span class=\"e-n-tab-title-text\">\n\t\t\t\tHospitaliers - Salari\u00e9s (DPC)\t\t\t<\/span>\n\t\t<\/button>\n\t\t\t\t<button id=\"e-n-tab-title-950557372\" data-tab-title-id=\"e-n-tab-title-950557372\" class=\"e-n-tab-title\" aria-selected=\"false\" data-tab-index=\"2\" role=\"tab\" tabindex=\"-1\" aria-controls=\"e-n-tab-content-950557372\" style=\"--n-tabs-title-order: 2;\">\n\t\t\t\t\t\t<span class=\"e-n-tab-title-text\">\n\t\t\t\tLib\u00e9raux (DPC)\t\t\t<\/span>\n\t\t<\/button>\n\t\t\t\t\t<\/div>\n\t\t\t<div class=\"e-n-tabs-content\">\n\t\t\t\t<div id=\"e-n-tab-content-950557371\" role=\"tabpanel\" aria-labelledby=\"e-n-tab-title-950557371\" data-tab-index=\"1\" style=\"--n-tabs-title-order: 1;\" class=\"e-active elementor-element elementor-element-ed05792 e-con-full e-flex e-con e-child\" data-id=\"ed05792\" data-element_type=\"container\" data-e-type=\"container\">\n\t\t\t\t<div class=\"elementor-element elementor-element-38842d5 elementor-widget elementor-widget-text-editor\" data-id=\"38842d5\" data-element_type=\"widget\" data-e-type=\"widget\" data-widget_type=\"text-editor.default\">\n\t\t\t\t\t\t\t\t\t<p>Vous pouvez demander la prise en charge de votre formation DPC au service formation\/direction m\u00e9dicale de votre \u00e9tablissement (budget formation ; OPCO de type ANFH ; etc).<\/p>\t\t\t\t\t\t\t\t<\/div>\n\t\t\t\t<div class=\"elementor-element elementor-element-c1ba6be elementor-widget elementor-widget-text-editor\" data-id=\"c1ba6be\" data-element_type=\"widget\" data-e-type=\"widget\" data-widget_type=\"text-editor.default\">\n\t\t\t\t\t\t\t\t\t<p><strong>Pour m&rsquo;inscrire <\/strong>:<\/p><ol><li>\u00a0Je me <b>pr\u00e9-inscris<\/b><b>\u00a0en ligne\u00a0<\/b>sur le site de l\u2019ODPC-Takayama (formation \u00e9chographie) : <a href=\"https:\/\/takayama-site.com\/echographie\/formulaire-inscription\/\">Formulaire d&rsquo;inscription<\/a><\/li><li>Je re\u00e7ois un mail avec mon <b>bulletin d\u2019inscription<\/b>; je l\u2019adresse \u00e0 la direction de mon \u00e9tablissement en charge de la formation pour\u00a0<b>validation\u00a0<\/b>et\u00a0<b>signature.\u00a0<\/b>Je le retourne ensuite par email \u00e0 <a href=\"mailto:dpc@takayama-site.com\">dpc@takayama-site.com<\/a>. <br \/><strong>IMPORTANT :<\/strong> vous devez nous retourner le bulletin d\u2019inscription au plus tard 7 jours avant le d\u00e9marrage de la formation. A d\u00e9faut, vous devrez financer vous-m\u00eame cette formation pour pouvoir y participer.<\/li><li>D\u00e8s r\u00e9ception de votre bulletin d\u2019inscription sign\u00e9, nous vous adresserons un email de confirmation d\u2019inscription.<\/li><li>Dans l\u2019hypoth\u00e8se ou votre \u00e9tablissement accepte de prendre en charge la formation (impliquant que vous nous retourniez le bulletin d\u2019inscription sign\u00e9), le r\u00e8glement s\u2019effectuera apr\u00e8s service fait.<\/li><\/ol>\t\t\t\t\t\t\t\t<\/div>\n\t\t\t\t<\/div>\n\t\t<div id=\"e-n-tab-content-950557372\" role=\"tabpanel\" aria-labelledby=\"e-n-tab-title-950557372\" data-tab-index=\"2\" style=\"--n-tabs-title-order: 2;\" class=\" elementor-element elementor-element-c03de0b e-con-full e-flex e-con e-child\" data-id=\"c03de0b\" data-element_type=\"container\" data-e-type=\"container\">\n\t\t\t\t<div class=\"elementor-element elementor-element-917391c elementor-widget elementor-widget-text-editor\" data-id=\"917391c\" data-element_type=\"widget\" data-e-type=\"widget\" data-widget_type=\"text-editor.default\">\n\t\t\t\t\t\t\t\t\t<p><strong>Pr\u00e9-requis <\/strong>:<\/p><ul><li>avoir cr\u00e9\u00e9 un compte sur mondpc (<a href=\"https:\/\/www.mondpc.fr\/\">https:\/\/www.mondpc.fr<\/a>)<\/li><\/ul><p><strong>Le compte mondpc permet donc aux lib\u00e9raux :<\/strong><\/p><ul><li>une prise en charge de la formation par l\u2019Agence nationale du DPC (+ une indemnisation du m\u00e9decin lib\u00e9ral)<ul><li>Enveloppe de XX euros par an<\/li><\/ul><\/li><li>de d\u00e9clarer sur leur espace personnel les formations DPC indemnis\u00e9es par l\u2019ANDPC r\u00e9alis\u00e9es sur les 3 ans<\/li><\/ul><p><b>Pour m\u2019inscrire :<\/b><\/p><p>1 \u2013\u00a0<b>Inscription administrative aupr\u00e8s de mon organisme de formation (ODPC-Takayama)<\/b><\/p><ul><li>Je me pr\u00e9-inscris en ligne sur le site de Takayama : <a href=\"https:\/\/takayama-site.com\/echographie\/formulaire-dpc-pre-inscription\/\">Formulaire &#8211; DPC Pr\u00e9-inscription<\/a><\/li><li>Je re\u00e7ois, de la part de Takayama, un mail de confirmation de pr\u00e9-inscription<\/li><\/ul><p>2 \u2013\u00a0<b>Demande de financement aupr\u00e8s de l\u2019Agence Nationale du DPC <\/b>: en plus de mon inscription administrative, je dois obligatoirement demander le financement de ma formation aupr\u00e8s de l\u2019Agence National du DPC.<\/p><ul><li>Acc\u00e9der au site : <a href=\"https:\/\/www.agencedpc.fr\/formations-dpc-rechercher-un-dpc\" target=\"_blank\" rel=\"noopener\">https:\/\/www.agencedpc.fr\/formations-dpc-rechercher-un-dpc<\/a><\/li><li>Num\u00e9ro organisme \u00e0 rentrer dans la barre de recherche : 99K9 \u2013 \u00e7a vous renverra vers les formations ODPC-Takayama<\/li><li>S\u00e9lectionner la formation \u00e0 laquelle vous vous \u00eates pr\u00e9-inscrits<\/li><li><strong>Note:<\/strong> Vous devez valider votre financement dans un d\u00e9lai de <strong>14 jours<\/strong> maximum \u00e0 compter de la pr\u00e9-inscription aupr\u00e8s de Takayama<\/li><\/ul><p>3 \u2013 Si pour diverses raisons, vous n\u2019auriez pas r\u00e9alis\u00e9 cette seconde \u00e9tape sous 14 jours, le tarif de la formation sera d\u00e9finitivement pr\u00e9lev\u00e9 sur vos fonds propres.<\/p><p><strong>Les \u00e9tapes en images :<\/strong><\/p><div class=\"elementor elementor-6806\" data-elementor-type=\"section\" data-elementor-id=\"6806\" data-elementor-post-type=\"elementor_library\"><section class=\"elementor-section elementor-top-section elementor-element elementor-element-5960d18 elementor-section-boxed elementor-section-height-default elementor-section-height-default\" data-id=\"5960d18\" data-element_type=\"section\"><div class=\"elementor-container elementor-column-gap-default\"><div class=\"elementor-column elementor-col-100 elementor-top-column elementor-element elementor-element-86db8a7\" data-id=\"86db8a7\" data-element_type=\"column\"><div class=\"elementor-widget-wrap elementor-element-populated\"><div class=\"elementor-element elementor-element-1434d4f elementor-widget elementor-widget-text-editor\" data-id=\"1434d4f\" data-element_type=\"widget\" data-widget_type=\"text-editor.default\"><div class=\"elementor-widget-container\"><h2><img fetchpriority=\"high\" decoding=\"async\" class=\"alignnone size-full wp-image-24077\" src=\"https:\/\/takayama-site.com\/wp-content\/uploads\/2024\/12\/dpc-recherche-action.png\" alt=\"\" width=\"2250\" height=\"1130\" srcset=\"https:\/\/takayama-site.com\/echographie\/wp-content\/uploads\/2024\/12\/dpc-recherche-action.png 2250w, https:\/\/takayama-site.com\/echographie\/wp-content\/uploads\/2024\/12\/dpc-recherche-action-300x151.png 300w, https:\/\/takayama-site.com\/echographie\/wp-content\/uploads\/2024\/12\/dpc-recherche-action-1024x514.png 1024w, https:\/\/takayama-site.com\/echographie\/wp-content\/uploads\/2024\/12\/dpc-recherche-action-768x386.png 768w, https:\/\/takayama-site.com\/echographie\/wp-content\/uploads\/2024\/12\/dpc-recherche-action-1536x771.png 1536w, https:\/\/takayama-site.com\/echographie\/wp-content\/uploads\/2024\/12\/dpc-recherche-action-2048x1029.png 2048w, https:\/\/takayama-site.com\/echographie\/wp-content\/uploads\/2024\/12\/dpc-recherche-action-650x326.png 650w\" sizes=\"(max-width: 2250px) 100vw, 2250px\" \/><img decoding=\"async\" class=\"alignnone size-full wp-image-24078\" src=\"https:\/\/takayama-site.com\/wp-content\/uploads\/2024\/12\/dpc-recherche-action-takayama-1.png\" alt=\"\" width=\"1518\" height=\"926\" srcset=\"https:\/\/takayama-site.com\/echographie\/wp-content\/uploads\/2024\/12\/dpc-recherche-action-takayama-1.png 1518w, https:\/\/takayama-site.com\/echographie\/wp-content\/uploads\/2024\/12\/dpc-recherche-action-takayama-1-300x183.png 300w, https:\/\/takayama-site.com\/echographie\/wp-content\/uploads\/2024\/12\/dpc-recherche-action-takayama-1-1024x625.png 1024w, https:\/\/takayama-site.com\/echographie\/wp-content\/uploads\/2024\/12\/dpc-recherche-action-takayama-1-768x468.png 768w, https:\/\/takayama-site.com\/echographie\/wp-content\/uploads\/2024\/12\/dpc-recherche-action-takayama-1-650x397.png 650w\" sizes=\"(max-width: 1518px) 100vw, 1518px\" \/><\/h2><\/div><\/div><\/div><\/div><\/div><\/section><\/div>\t\t\t\t\t\t\t\t<\/div>\n\t\t\t\t<\/div>\n\t\t\t\t\t<\/div>\n\t\t<\/div>\n\t\t\t\t\t\t<\/div>\n\t\t\t\t<\/div>\n\t\t\t\t<\/div>\n\t\t<div class=\"elementor-element elementor-element-5adc5d09 e-con-full e-flex e-con e-child\" data-id=\"5adc5d09\" data-element_type=\"container\" data-e-type=\"container\">\n\t\t\t\t<div class=\"elementor-element elementor-element-373d1aeb elementor-widget elementor-widget-image\" data-id=\"373d1aeb\" data-element_type=\"widget\" data-e-type=\"widget\" data-widget_type=\"image.default\">\n\t\t\t\t\t\t\t\t\t\t\t\t\t\t\t<img decoding=\"async\" width=\"600\" height=\"419\" src=\"https:\/\/takayama-site.com\/echographie\/wp-content\/uploads\/2024\/05\/takayama-dpc-1.png\" class=\"attachment-large size-large wp-image-23814\" alt=\"\" srcset=\"https:\/\/takayama-site.com\/echographie\/wp-content\/uploads\/2024\/05\/takayama-dpc-1.png 600w, https:\/\/takayama-site.com\/echographie\/wp-content\/uploads\/2024\/05\/takayama-dpc-1-300x210.png 300w\" sizes=\"(max-width: 600px) 100vw, 600px\" \/>\t\t\t\t\t\t\t\t\t\t\t\t\t\t\t<\/div>\n\t\t\t\t<div class=\"elementor-element elementor-element-71e45370 elementor-widget elementor-widget-heading\" data-id=\"71e45370\" data-element_type=\"widget\" data-e-type=\"widget\" data-widget_type=\"heading.default\">\n\t\t\t\t\t<h4 class=\"elementor-heading-title elementor-size-default\">Public cibl\u00e9<\/h4>\t\t\t\t<\/div>\n\t\t\t\t<div class=\"elementor-element elementor-element-29c9b755 elementor-widget elementor-widget-text-editor\" data-id=\"29c9b755\" data-element_type=\"widget\" data-e-type=\"widget\" data-widget_type=\"text-editor.default\">\n\t\t\t\t\t\t\t\t\t<ul><li><span class=\"elementor-icon-list-text\">DPC : M\u00e9decins sp\u00e9cialis\u00e9s en n\u00e9phrologie.<\/span><\/li><li>Hors DPC : Professionnels de sant\u00e9 impliqu\u00e9s dans le diagnostic et la prise en charge des maladies r\u00e9nales (m\u00e9decins, infirmiers, HTA, internes, etc.).<\/li><\/ul>\t\t\t\t\t\t\t\t<\/div>\n\t\t\t\t<\/div>\n\t\t\t\t\t<\/div>\n\t\t\t\t<\/div>\n\t\t\t\t<section class=\"elementor-section elementor-top-section elementor-element elementor-element-4416dea elementor-section-boxed elementor-section-height-default elementor-section-height-default\" data-id=\"4416dea\" data-element_type=\"section\" data-e-type=\"section\">\n\t\t\t\t\t\t<div class=\"elementor-container elementor-column-gap-default\">\n\t\t\t\t\t<div class=\"elementor-column elementor-col-100 elementor-top-column elementor-element elementor-element-c808b42\" data-id=\"c808b42\" data-element_type=\"column\" data-e-type=\"column\">\n\t\t\t<div class=\"elementor-widget-wrap\">\n\t\t\t\t\t\t\t<\/div>\n\t\t<\/div>\n\t\t\t\t\t<\/div>\n\t\t<\/section>\n\t\t\t\t<\/div>\n\t\t","protected":false},"excerpt":{"rendered":"<p>Hospitaliers &#8211; Salari\u00e9s (DPC) Lib\u00e9raux (DPC) Vous pouvez demander la prise en charge de votre formation DPC au service formation\/direction m\u00e9dicale de [&hellip;]<\/p>\n","protected":false},"author":1,"featured_media":0,"parent":0,"menu_order":0,"comment_status":"closed","ping_status":"closed","template":"","meta":{"footnotes":""},"class_list":["post-24073","page","type-page","status-publish","hentry"],"rttpg_featured_image_url":null,"rttpg_author":{"display_name":"takayama","author_link":"https:\/\/takayama-site.com\/echographie\/author\/takayama\/"},"rttpg_comment":0,"rttpg_category":null,"rttpg_excerpt":"Hospitaliers &#8211; Salari\u00e9s (DPC) Lib\u00e9raux (DPC) Vous pouvez demander la prise en charge de votre formation DPC au service formation\/direction m\u00e9dicale de [&hellip;]","_links":{"self":[{"href":"https:\/\/takayama-site.com\/echographie\/wp-json\/wp\/v2\/pages\/24073","targetHints":{"allow":["GET"]}}],"collection":[{"href":"https:\/\/takayama-site.com\/echographie\/wp-json\/wp\/v2\/pages"}],"about":[{"href":"https:\/\/takayama-site.com\/echographie\/wp-json\/wp\/v2\/types\/page"}],"author":[{"embeddable":true,"href":"https:\/\/takayama-site.com\/echographie\/wp-json\/wp\/v2\/users\/1"}],"replies":[{"embeddable":true,"href":"https:\/\/takayama-site.com\/echographie\/wp-json\/wp\/v2\/comments?post=24073"}],"version-history":[{"count":73,"href":"https:\/\/takayama-site.com\/echographie\/wp-json\/wp\/v2\/pages\/24073\/revisions"}],"predecessor-version":[{"id":25087,"href":"https:\/\/takayama-site.com\/echographie\/wp-json\/wp\/v2\/pages\/24073\/revisions\/25087"}],"wp:attachment":[{"href":"https:\/\/takayama-site.com\/echographie\/wp-json\/wp\/v2\/media?parent=24073"}],"curies":[{"name":"wp","href":"https:\/\/api.w.org\/{rel}","templated":true}]}}