{"id":24439,"date":"2025-01-13T14:40:09","date_gmt":"2025-01-13T14:40:09","guid":{"rendered":"https:\/\/takayama-site.com\/?page_id=24439"},"modified":"2025-08-18T10:17:32","modified_gmt":"2025-08-18T10:17:32","slug":"orateurs","status":"publish","type":"page","link":"https:\/\/takayama-site.com\/echographie\/orateurs\/","title":{"rendered":"Les Intervenants et concepteurs"},"content":{"rendered":"\t\t<div data-elementor-type=\"wp-page\" data-elementor-id=\"24439\" class=\"elementor elementor-24439\">\n\t\t\t\t<div class=\"elementor-element elementor-element-24a26f61 e-grid e-con-boxed e-con e-parent\" data-id=\"24a26f61\" data-element_type=\"container\" data-e-type=\"container\">\n\t\t\t\t\t<div class=\"e-con-inner\">\n\t\t<div class=\"elementor-element elementor-element-7bd124d9 e-con-full e-flex e-con e-child\" data-id=\"7bd124d9\" data-element_type=\"container\" data-e-type=\"container\">\n\t\t\t\t<div class=\"elementor-element elementor-element-550b9e7b elementor-widget elementor-widget-image\" data-id=\"550b9e7b\" data-element_type=\"widget\" data-e-type=\"widget\" data-widget_type=\"image.default\">\n\t\t\t\t\t\t\t\t\t\t\t\t\t\t\t<img fetchpriority=\"high\" decoding=\"async\" width=\"300\" height=\"300\" src=\"https:\/\/takayama-site.com\/echographie\/wp-content\/uploads\/2025\/03\/Daniel-Lichtenstein.png\" class=\"attachment-large size-large wp-image-25106\" alt=\"\" srcset=\"https:\/\/takayama-site.com\/echographie\/wp-content\/uploads\/2025\/03\/Daniel-Lichtenstein.png 300w, https:\/\/takayama-site.com\/echographie\/wp-content\/uploads\/2025\/03\/Daniel-Lichtenstein-150x150.png 150w\" sizes=\"(max-width: 300px) 100vw, 300px\" \/>\t\t\t\t\t\t\t\t\t\t\t\t\t\t\t<\/div>\n\t\t\t\t<div class=\"elementor-element elementor-element-ca96bb0 elementor-widget elementor-widget-heading\" data-id=\"ca96bb0\" data-element_type=\"widget\" data-e-type=\"widget\" data-widget_type=\"heading.default\">\n\t\t\t\t\t<h2 class=\"elementor-heading-title elementor-size-default\">Pr Daniel Lichtenstein<\/h2>\t\t\t\t<\/div>\n\t\t\t\t<div class=\"elementor-element elementor-element-49cca9b1 elementor-widget elementor-widget-heading\" data-id=\"49cca9b1\" data-element_type=\"widget\" data-e-type=\"widget\" data-widget_type=\"heading.default\">\n\t\t\t\t\t<h3 class=\"elementor-heading-title elementor-size-default\">M\u00e9decin R\u00e9animateur M\u00e9dical\n<br \/>H\u00f4pital Ambroise Par\u00e9,<br> Boulogne-Billancourt<\/h3>\t\t\t\t<\/div>\n\t\t\t\t<\/div>\n\t\t<div class=\"elementor-element elementor-element-51d83965 e-con-full e-flex e-con e-child\" data-id=\"51d83965\" data-element_type=\"container\" data-e-type=\"container\">\n\t\t\t\t<div class=\"elementor-element elementor-element-41630154 elementor-widget elementor-widget-image\" data-id=\"41630154\" data-element_type=\"widget\" data-e-type=\"widget\" data-widget_type=\"image.default\">\n\t\t\t\t\t\t\t\t\t\t\t\t\t\t\t<img decoding=\"async\" width=\"300\" height=\"300\" src=\"https:\/\/takayama-site.com\/echographie\/wp-content\/uploads\/2025\/03\/Jean-Yves-Bosc.png\" class=\"attachment-large size-large wp-image-25107\" alt=\"\" srcset=\"https:\/\/takayama-site.com\/echographie\/wp-content\/uploads\/2025\/03\/Jean-Yves-Bosc.png 300w, https:\/\/takayama-site.com\/echographie\/wp-content\/uploads\/2025\/03\/Jean-Yves-Bosc-150x150.png 150w\" sizes=\"(max-width: 300px) 100vw, 300px\" \/>\t\t\t\t\t\t\t\t\t\t\t\t\t\t\t<\/div>\n\t\t\t\t<div class=\"elementor-element elementor-element-3601177 elementor-widget elementor-widget-heading\" data-id=\"3601177\" data-element_type=\"widget\" data-e-type=\"widget\" data-widget_type=\"heading.default\">\n\t\t\t\t\t<h2 class=\"elementor-heading-title elementor-size-default\">Dr Jean-Yves Bosc<\/h2>\t\t\t\t<\/div>\n\t\t\t\t<div class=\"elementor-element elementor-element-1a6f6587 elementor-widget elementor-widget-heading\" data-id=\"1a6f6587\" data-element_type=\"widget\" data-e-type=\"widget\" data-widget_type=\"heading.default\">\n\t\t\t\t\t<h3 class=\"elementor-heading-title elementor-size-default\">Fondation Charles Mion \u2013 AIDER Sant\u00e9, <br \/>Grabels<\/h3>\t\t\t\t<\/div>\n\t\t\t\t<\/div>\n\t\t<div class=\"elementor-element elementor-element-190ecf90 e-con-full e-flex e-con e-child\" data-id=\"190ecf90\" data-element_type=\"container\" data-e-type=\"container\">\n\t\t\t\t<div class=\"elementor-element elementor-element-6d557b22 elementor-widget elementor-widget-image\" data-id=\"6d557b22\" data-element_type=\"widget\" data-e-type=\"widget\" data-widget_type=\"image.default\">\n\t\t\t\t\t\t\t\t\t\t\t\t\t\t\t<img decoding=\"async\" width=\"300\" height=\"300\" src=\"https:\/\/takayama-site.com\/echographie\/wp-content\/uploads\/2025\/03\/Dominique-Guerrot.png\" class=\"attachment-large size-large wp-image-25108\" alt=\"\" srcset=\"https:\/\/takayama-site.com\/echographie\/wp-content\/uploads\/2025\/03\/Dominique-Guerrot.png 300w, https:\/\/takayama-site.com\/echographie\/wp-content\/uploads\/2025\/03\/Dominique-Guerrot-150x150.png 150w\" sizes=\"(max-width: 300px) 100vw, 300px\" \/>\t\t\t\t\t\t\t\t\t\t\t\t\t\t\t<\/div>\n\t\t\t\t<div class=\"elementor-element elementor-element-50205059 elementor-widget elementor-widget-heading\" data-id=\"50205059\" data-element_type=\"widget\" data-e-type=\"widget\" data-widget_type=\"heading.default\">\n\t\t\t\t\t<h2 class=\"elementor-heading-title elementor-size-default\">Pr Dominique Guerrot<\/h2>\t\t\t\t<\/div>\n\t\t\t\t<div class=\"elementor-element elementor-element-713ce90b elementor-widget elementor-widget-heading\" data-id=\"713ce90b\" data-element_type=\"widget\" data-e-type=\"widget\" data-widget_type=\"heading.default\">\n\t\t\t\t\t<h3 class=\"elementor-heading-title elementor-size-default\">N\u00e9phrologue<br \/>CHU de Rouen<\/h3>\t\t\t\t<\/div>\n\t\t\t\t<\/div>\n\t\t<div class=\"elementor-element elementor-element-62dc1b13 e-con-full e-flex e-con e-child\" data-id=\"62dc1b13\" data-element_type=\"container\" data-e-type=\"container\">\n\t\t\t\t<div class=\"elementor-element elementor-element-29a17a2b elementor-widget elementor-widget-image\" data-id=\"29a17a2b\" data-element_type=\"widget\" data-e-type=\"widget\" data-widget_type=\"image.default\">\n\t\t\t\t\t\t\t\t\t\t\t\t\t\t\t<img loading=\"lazy\" decoding=\"async\" width=\"441\" height=\"565\" src=\"https:\/\/takayama-site.com\/echographie\/wp-content\/uploads\/2025\/08\/Georgio-Tsangalis.png\" class=\"attachment-large size-large wp-image-25442\" alt=\"\" srcset=\"https:\/\/takayama-site.com\/echographie\/wp-content\/uploads\/2025\/08\/Georgio-Tsangalis.png 441w, https:\/\/takayama-site.com\/echographie\/wp-content\/uploads\/2025\/08\/Georgio-Tsangalis-234x300.png 234w\" sizes=\"(max-width: 441px) 100vw, 441px\" \/>\t\t\t\t\t\t\t\t\t\t\t\t\t\t\t<\/div>\n\t\t\t\t<div class=\"elementor-element elementor-element-308a7722 elementor-widget elementor-widget-heading\" data-id=\"308a7722\" data-element_type=\"widget\" data-e-type=\"widget\" data-widget_type=\"heading.default\">\n\t\t\t\t\t<h2 class=\"elementor-heading-title elementor-size-default\">Dr Georgio Tsangalis<\/h2>\t\t\t\t<\/div>\n\t\t\t\t<div class=\"elementor-element elementor-element-5af2f282 elementor-widget elementor-widget-heading\" data-id=\"5af2f282\" data-element_type=\"widget\" data-e-type=\"widget\" data-widget_type=\"heading.default\">\n\t\t\t\t\t<h3 class=\"elementor-heading-title elementor-size-default\">N\u00e9phrologue Lib\u00e9ral<br \/>Hopital Piti\u00e9-Salp\u00eatri\u00e8re<br \/> Paris\n<\/h3>\t\t\t\t<\/div>\n\t\t\t\t<\/div>\n\t\t<div class=\"elementor-element elementor-element-653d8844 e-con-full e-flex e-con e-child\" data-id=\"653d8844\" data-element_type=\"container\" data-e-type=\"container\">\n\t\t\t\t<div class=\"elementor-element elementor-element-432dde22 elementor-widget elementor-widget-image\" data-id=\"432dde22\" data-element_type=\"widget\" data-e-type=\"widget\" data-widget_type=\"image.default\">\n\t\t\t\t\t\t\t\t\t\t\t\t\t\t\t<img loading=\"lazy\" decoding=\"async\" width=\"300\" height=\"300\" src=\"https:\/\/takayama-site.com\/echographie\/wp-content\/uploads\/2025\/03\/Julien-Journet.png\" class=\"attachment-large size-large wp-image-25110\" alt=\"\" srcset=\"https:\/\/takayama-site.com\/echographie\/wp-content\/uploads\/2025\/03\/Julien-Journet.png 300w, https:\/\/takayama-site.com\/echographie\/wp-content\/uploads\/2025\/03\/Julien-Journet-150x150.png 150w\" sizes=\"(max-width: 300px) 100vw, 300px\" \/>\t\t\t\t\t\t\t\t\t\t\t\t\t\t\t<\/div>\n\t\t\t\t<div class=\"elementor-element elementor-element-3678adca elementor-widget elementor-widget-heading\" data-id=\"3678adca\" data-element_type=\"widget\" data-e-type=\"widget\" data-widget_type=\"heading.default\">\n\t\t\t\t\t<h2 class=\"elementor-heading-title elementor-size-default\">Dr Julien Journet<\/h2>\t\t\t\t<\/div>\n\t\t\t\t<div class=\"elementor-element elementor-element-303ead3b elementor-widget elementor-widget-heading\" data-id=\"303ead3b\" data-element_type=\"widget\" data-e-type=\"widget\" data-widget_type=\"heading.default\">\n\t\t\t\t\t<h3 class=\"elementor-heading-title elementor-size-default\">M\u00e9decin Vasculaire\/N\u00e9phrologue lib\u00e9ral, <br \/>Dole <\/h3>\t\t\t\t<\/div>\n\t\t\t\t<\/div>\n\t\t<div class=\"elementor-element elementor-element-d85c73d e-con-full e-flex e-con e-child\" data-id=\"d85c73d\" data-element_type=\"container\" data-e-type=\"container\">\n\t\t\t\t<div class=\"elementor-element elementor-element-56305699 elementor-widget elementor-widget-image\" data-id=\"56305699\" data-element_type=\"widget\" data-e-type=\"widget\" data-widget_type=\"image.default\">\n\t\t\t\t\t\t\t\t\t\t\t\t\t\t\t<img loading=\"lazy\" decoding=\"async\" width=\"300\" height=\"300\" src=\"https:\/\/takayama-site.com\/echographie\/wp-content\/uploads\/2025\/03\/Michel-Athouel-2.png\" class=\"attachment-large size-large wp-image-25134\" alt=\"\" srcset=\"https:\/\/takayama-site.com\/echographie\/wp-content\/uploads\/2025\/03\/Michel-Athouel-2.png 300w, https:\/\/takayama-site.com\/echographie\/wp-content\/uploads\/2025\/03\/Michel-Athouel-2-150x150.png 150w\" sizes=\"(max-width: 300px) 100vw, 300px\" \/>\t\t\t\t\t\t\t\t\t\t\t\t\t\t\t<\/div>\n\t\t\t\t<div class=\"elementor-element elementor-element-7b174d10 elementor-widget elementor-widget-heading\" data-id=\"7b174d10\" data-element_type=\"widget\" data-e-type=\"widget\" data-widget_type=\"heading.default\">\n\t\t\t\t\t<h2 class=\"elementor-heading-title elementor-size-default\">Dr Michel Athouel<\/h2>\t\t\t\t<\/div>\n\t\t\t\t<div class=\"elementor-element elementor-element-6b95dca2 elementor-widget elementor-widget-heading\" data-id=\"6b95dca2\" data-element_type=\"widget\" data-e-type=\"widget\" data-widget_type=\"heading.default\">\n\t\t\t\t\t<h3 class=\"elementor-heading-title elementor-size-default\">M\u00e9decin Urgentiste\/Formateur en \u00c9chographie, Paris<\/h3>\t\t\t\t<\/div>\n\t\t\t\t<\/div>\n\t\t<div class=\"elementor-element elementor-element-e2fb998 e-con-full e-flex e-con e-child\" data-id=\"e2fb998\" data-element_type=\"container\" data-e-type=\"container\">\n\t\t\t\t<div class=\"elementor-element elementor-element-2c6394a elementor-widget elementor-widget-image\" data-id=\"2c6394a\" data-element_type=\"widget\" data-e-type=\"widget\" data-widget_type=\"image.default\">\n\t\t\t\t\t\t\t\t\t\t\t\t\t\t\t<img loading=\"lazy\" decoding=\"async\" width=\"300\" height=\"300\" src=\"https:\/\/takayama-site.com\/echographie\/wp-content\/uploads\/2025\/03\/Mourad-Hachicha.png\" class=\"attachment-large size-large wp-image-25113\" alt=\"\" srcset=\"https:\/\/takayama-site.com\/echographie\/wp-content\/uploads\/2025\/03\/Mourad-Hachicha.png 300w, https:\/\/takayama-site.com\/echographie\/wp-content\/uploads\/2025\/03\/Mourad-Hachicha-150x150.png 150w\" sizes=\"(max-width: 300px) 100vw, 300px\" \/>\t\t\t\t\t\t\t\t\t\t\t\t\t\t\t<\/div>\n\t\t\t\t<div class=\"elementor-element elementor-element-fbeb55d elementor-widget elementor-widget-heading\" data-id=\"fbeb55d\" data-element_type=\"widget\" data-e-type=\"widget\" data-widget_type=\"heading.default\">\n\t\t\t\t\t<h2 class=\"elementor-heading-title elementor-size-default\">Dr Mourad Hachicha<\/h2>\t\t\t\t<\/div>\n\t\t\t\t<div class=\"elementor-element elementor-element-75f428f elementor-widget elementor-widget-heading\" data-id=\"75f428f\" data-element_type=\"widget\" data-e-type=\"widget\" data-widget_type=\"heading.default\">\n\t\t\t\t\t<h3 class=\"elementor-heading-title elementor-size-default\">M\u00e9decin N\u00e9phrologue<br \/>Avignon<\/h3>\t\t\t\t<\/div>\n\t\t\t\t<\/div>\n\t\t<div class=\"elementor-element elementor-element-e9dea0a e-con-full e-flex e-con e-child\" data-id=\"e9dea0a\" data-element_type=\"container\" data-e-type=\"container\">\n\t\t\t\t<div class=\"elementor-element elementor-element-ee590ab elementor-widget elementor-widget-image\" data-id=\"ee590ab\" data-element_type=\"widget\" data-e-type=\"widget\" data-widget_type=\"image.default\">\n\t\t\t\t\t\t\t\t\t\t\t\t\t\t\t<img loading=\"lazy\" decoding=\"async\" width=\"300\" height=\"300\" src=\"https:\/\/takayama-site.com\/echographie\/wp-content\/uploads\/2025\/03\/attaf1.png\" class=\"attachment-large size-large wp-image-25153\" alt=\"\" srcset=\"https:\/\/takayama-site.com\/echographie\/wp-content\/uploads\/2025\/03\/attaf1.png 300w, https:\/\/takayama-site.com\/echographie\/wp-content\/uploads\/2025\/03\/attaf1-150x150.png 150w\" sizes=\"(max-width: 300px) 100vw, 300px\" \/>\t\t\t\t\t\t\t\t\t\t\t\t\t\t\t<\/div>\n\t\t\t\t<div class=\"elementor-element elementor-element-aba4130 elementor-widget elementor-widget-heading\" data-id=\"aba4130\" data-element_type=\"widget\" data-e-type=\"widget\" data-widget_type=\"heading.default\">\n\t\t\t\t\t<h2 class=\"elementor-heading-title elementor-size-default\">Dr David Attaf<\/h2>\t\t\t\t<\/div>\n\t\t\t\t<div class=\"elementor-element elementor-element-1b7023a elementor-widget elementor-widget-heading\" data-id=\"1b7023a\" data-element_type=\"widget\" data-e-type=\"widget\" data-widget_type=\"heading.default\">\n\t\t\t\t\t<h3 class=\"elementor-heading-title elementor-size-default\">M\u00e9decin Urgentiste<br \/>GHT Chartres<\/h3>\t\t\t\t<\/div>\n\t\t\t\t<\/div>\n\t\t<div class=\"elementor-element elementor-element-5d4b07f2 e-con-full e-flex e-con e-child\" data-id=\"5d4b07f2\" data-element_type=\"container\" data-e-type=\"container\">\n\t\t\t\t<\/div>\n\t\t\t\t\t<\/div>\n\t\t\t\t<\/div>\n\t\t\t\t<\/div>\n\t\t","protected":false},"excerpt":{"rendered":"<p>Pr Daniel Lichtenstein M\u00e9decin R\u00e9animateur M\u00e9dical H\u00f4pital Ambroise Par\u00e9, Boulogne-Billancourt Dr Jean-Yves Bosc Fondation Charles Mion \u2013 AIDER Sant\u00e9, Grabels Pr Dominique [&hellip;]<\/p>\n","protected":false},"author":1,"featured_media":0,"parent":0,"menu_order":0,"comment_status":"closed","ping_status":"closed","template":"","meta":{"footnotes":""},"class_list":["post-24439","page","type-page","status-publish","hentry"],"rttpg_featured_image_url":null,"rttpg_author":{"display_name":"takayama","author_link":"https:\/\/takayama-site.com\/echographie\/author\/takayama\/"},"rttpg_comment":0,"rttpg_category":null,"rttpg_excerpt":"Pr Daniel Lichtenstein M\u00e9decin R\u00e9animateur M\u00e9dical H\u00f4pital Ambroise Par\u00e9, Boulogne-Billancourt Dr Jean-Yves Bosc Fondation Charles Mion \u2013 AIDER Sant\u00e9, Grabels Pr Dominique [&hellip;]","_links":{"self":[{"href":"https:\/\/takayama-site.com\/echographie\/wp-json\/wp\/v2\/pages\/24439","targetHints":{"allow":["GET"]}}],"collection":[{"href":"https:\/\/takayama-site.com\/echographie\/wp-json\/wp\/v2\/pages"}],"about":[{"href":"https:\/\/takayama-site.com\/echographie\/wp-json\/wp\/v2\/types\/page"}],"author":[{"embeddable":true,"href":"https:\/\/takayama-site.com\/echographie\/wp-json\/wp\/v2\/users\/1"}],"replies":[{"embeddable":true,"href":"https:\/\/takayama-site.com\/echographie\/wp-json\/wp\/v2\/comments?post=24439"}],"version-history":[{"count":112,"href":"https:\/\/takayama-site.com\/echographie\/wp-json\/wp\/v2\/pages\/24439\/revisions"}],"predecessor-version":[{"id":25445,"href":"https:\/\/takayama-site.com\/echographie\/wp-json\/wp\/v2\/pages\/24439\/revisions\/25445"}],"wp:attachment":[{"href":"https:\/\/takayama-site.com\/echographie\/wp-json\/wp\/v2\/media?parent=24439"}],"curies":[{"name":"wp","href":"https:\/\/api.w.org\/{rel}","templated":true}]}}