{"id":24661,"date":"2025-01-14T10:52:59","date_gmt":"2025-01-14T10:52:59","guid":{"rendered":"https:\/\/echographie.takayama-site.com\/?page_id=24661"},"modified":"2026-04-15T12:46:42","modified_gmt":"2026-04-15T12:46:42","slug":"financement-hors-dpc","status":"publish","type":"page","link":"https:\/\/takayama-site.com\/echographie\/financement-hors-dpc\/","title":{"rendered":"Financement hors DPC"},"content":{"rendered":"\t\t<div data-elementor-type=\"wp-page\" data-elementor-id=\"24661\" class=\"elementor elementor-24661\">\n\t\t\t\t<div class=\"elementor-element elementor-element-969576d e-flex e-con-boxed e-con e-parent\" data-id=\"969576d\" data-element_type=\"container\" data-e-type=\"container\">\n\t\t\t\t\t<div class=\"e-con-inner\">\n\t\t\t\t<div class=\"elementor-element elementor-element-a0544f9 elementor-widget elementor-widget-text-editor\" data-id=\"a0544f9\" data-element_type=\"widget\" data-e-type=\"widget\" data-widget_type=\"text-editor.default\">\n\t\t\t\t\t\t\t\t\t<p style=\"text-align: center;\"><span style=\"color: #e3058a;\"><strong>Tarifs pour financement personnel (hors DPC )<\/strong><\/span><\/p><table style=\"width: 100%;\"><tbody><tr style=\"background-color: #9a02f2;\"><td style=\"width: 50%; text-align: center;\"><span style=\"color: #ffffff;\"><strong>Cat\u00e9gorie<\/strong><\/span><\/td><td style=\"text-align: center;\"><span style=\"color: #ffffff;\"><strong>Tarif<\/strong><\/span><\/td><\/tr><tr><td style=\"text-align: center;\">Internes, \u00e9tudiants, infirmiers et IPA<\/td><td style=\"text-align: center;\">325 \u20ac<\/td><\/tr><tr><td style=\"text-align: center;\">M\u00e9decins<\/td><td style=\"text-align: center;\">445 \u20ac<\/td><\/tr><tr><td style=\"text-align: center;\">Industries<\/td><td style=\"text-align: center;\">685 \u20ac<\/td><\/tr><\/tbody><\/table><p style=\"text-align: center;\">\u00a0<\/p>\t\t\t\t\t\t\t\t<\/div>\n\t\t\t\t<div class=\"elementor-element elementor-element-bfaf036 elementor-widget elementor-widget-text-editor\" data-id=\"bfaf036\" data-element_type=\"widget\" data-e-type=\"widget\" data-widget_type=\"text-editor.default\">\n\t\t\t\t\t\t\t\t\t<ol><li>Les paiements se font par carte bancaire.<\/li><li>Pour payer par <b>transfert bancaire<\/b>, veuillez nous contacter. dpc[at]takayama-site.com<\/li><\/ol>\t\t\t\t\t\t\t\t<\/div>\n\t\t\t\t<div class=\"elementor-element elementor-element-d956a0e elementor-align-center elementor-widget elementor-widget-button\" data-id=\"d956a0e\" data-element_type=\"widget\" data-e-type=\"widget\" data-widget_type=\"button.default\">\n\t\t\t\t\t\t\t\t\t\t<a class=\"elementor-button elementor-button-link elementor-size-sm\" href=\"https:\/\/buytickets.at\/takayama\/1510134\">\n\t\t\t\t\t\t<span class=\"elementor-button-content-wrapper\">\n\t\t\t\t\t\t\t\t\t<span class=\"elementor-button-text\">Inscription<\/span>\n\t\t\t\t\t<\/span>\n\t\t\t\t\t<\/a>\n\t\t\t\t\t\t\t\t<\/div>\n\t\t\t\t<div class=\"elementor-element elementor-element-49fdb07 elementor-widget-divider--view-line elementor-widget elementor-widget-divider\" data-id=\"49fdb07\" data-element_type=\"widget\" data-e-type=\"widget\" data-widget_type=\"divider.default\">\n\t\t\t\t\t\t\t<div class=\"elementor-divider\">\n\t\t\t<span class=\"elementor-divider-separator\">\n\t\t\t\t\t\t<\/span>\n\t\t<\/div>\n\t\t\t\t\t\t<\/div>\n\t\t\t\t<div class=\"elementor-element elementor-element-9401398 elementor-widget elementor-widget-text-editor\" data-id=\"9401398\" data-element_type=\"widget\" data-e-type=\"widget\" data-widget_type=\"text-editor.default\">\n\t\t\t\t\t\t\t\t\t<p><strong>Politique de modification et d\u2019annulation<\/strong><\/p><ul><li>Les remplacements ou substitutions sont gratuits. Vous devez soumettre une lettre autorisant le transfert sign\u00e9e par le d\u00e9l\u00e9gu\u00e9 inscrit deux jours avant la date de d\u00e9but de l\u2019\u00e9v\u00e9nement.<\/li><li>L\u2019annulation de participation \u00e0 un \u00e9v\u00e9nement sera accept\u00e9e si elle est re\u00e7ue au moins 30 jours avant l\u2019\u00e9v\u00e9nement, soit avant le 25 septembre.<\/li><li>En cas d\u2019annulation avant le 25 septembre : des frais d\u2019annulation d\u2019un montant de 50% plus 70\u20ac de frais de dossier seront retenus.\u00a0<\/li><li>En cas d\u2019annulation \u00e0 partir du 25 septembre : aucune annulation ne sera rembours\u00e9e.<\/li><\/ul>\t\t\t\t\t\t\t\t<\/div>\n\t\t\t\t\t<\/div>\n\t\t\t\t<\/div>\n\t\t\t\t<\/div>\n\t\t","protected":false},"excerpt":{"rendered":"<p>Tarifs pour financement personnel (hors DPC ) Cat\u00e9gorie Tarif Internes, \u00e9tudiants, infirmiers et IPA 325 \u20ac M\u00e9decins 445 \u20ac Industries 685 \u20ac [&hellip;]<\/p>\n","protected":false},"author":1,"featured_media":0,"parent":0,"menu_order":0,"comment_status":"closed","ping_status":"closed","template":"","meta":{"footnotes":""},"class_list":["post-24661","page","type-page","status-publish","hentry"],"rttpg_featured_image_url":null,"rttpg_author":{"display_name":"takayama","author_link":"https:\/\/takayama-site.com\/echographie\/author\/takayama\/"},"rttpg_comment":0,"rttpg_category":null,"rttpg_excerpt":"Tarifs pour financement personnel (hors DPC ) Cat\u00e9gorie Tarif Internes, \u00e9tudiants, infirmiers et IPA 325 \u20ac M\u00e9decins 445 \u20ac Industries 685 \u20ac [&hellip;]","_links":{"self":[{"href":"https:\/\/takayama-site.com\/echographie\/wp-json\/wp\/v2\/pages\/24661","targetHints":{"allow":["GET"]}}],"collection":[{"href":"https:\/\/takayama-site.com\/echographie\/wp-json\/wp\/v2\/pages"}],"about":[{"href":"https:\/\/takayama-site.com\/echographie\/wp-json\/wp\/v2\/types\/page"}],"author":[{"embeddable":true,"href":"https:\/\/takayama-site.com\/echographie\/wp-json\/wp\/v2\/users\/1"}],"replies":[{"embeddable":true,"href":"https:\/\/takayama-site.com\/echographie\/wp-json\/wp\/v2\/comments?post=24661"}],"version-history":[{"count":51,"href":"https:\/\/takayama-site.com\/echographie\/wp-json\/wp\/v2\/pages\/24661\/revisions"}],"predecessor-version":[{"id":25607,"href":"https:\/\/takayama-site.com\/echographie\/wp-json\/wp\/v2\/pages\/24661\/revisions\/25607"}],"wp:attachment":[{"href":"https:\/\/takayama-site.com\/echographie\/wp-json\/wp\/v2\/media?parent=24661"}],"curies":[{"name":"wp","href":"https:\/\/api.w.org\/{rel}","templated":true}]}}