{"id":25313,"date":"2025-05-19T11:53:03","date_gmt":"2025-05-19T11:53:03","guid":{"rendered":"https:\/\/takayama-site.com\/echographie\/?page_id=25313"},"modified":"2025-08-29T11:29:51","modified_gmt":"2025-08-29T11:29:51","slug":"reservez-votre-sejour-offres-exceptionnelles","status":"publish","type":"page","link":"https:\/\/takayama-site.com\/echographie\/reservez-votre-sejour-offres-exceptionnelles\/","title":{"rendered":"R\u00e9servez votre s\u00e9jour : Offres exceptionnelles !"},"content":{"rendered":"<p class=\"whitespace-normal\">Vous recherchez un h\u00e9bergement pour le 26 septembre ? Ne cherchez plus ! Nous avons s\u00e9lectionn\u00e9 pour vous les meilleures offres disponibles pour cette date.<\/p>\n<h3 class=\"text-xl font-bold text-text-100 mt-1 -mb-0.5\">Pourquoi r\u00e9server maintenant ?<\/h3>\n<p class=\"whitespace-normal\">En r\u00e9servant d\u00e8s maintenant, vous b\u00e9n\u00e9ficiez de :<\/p>\n<ul class=\"[&amp;:not(:last-child)_ul]:pb-1 [&amp;:not(:last-child)_ol]:pb-1 list-disc space-y-1.5 pl-7\">\n<li class=\"whitespace-normal break-words\">Des tarifs pr\u00e9f\u00e9rentiels avant les hausses de derni\u00e8re minute<\/li>\n<li class=\"whitespace-normal break-words\">Un plus grand choix de chambres et d&rsquo;options<\/li>\n<li class=\"whitespace-normal break-words\">La possibilit\u00e9 de planifier sereinement le reste de votre s\u00e9jour<\/li>\n<\/ul>\n<p><script id=\"revolugo-widget\" src=\"https:\/\/widget.revolugo.com\/embed\" data-wid=\"echographie-en-nephrologie-26-septembre\"><\/script><\/p>\n","protected":false},"excerpt":{"rendered":"<p>Vous recherchez un h\u00e9bergement pour le 26 septembre ? Ne cherchez plus ! Nous avons s\u00e9lectionn\u00e9 pour vous les meilleures offres disponibles [&hellip;]<\/p>\n","protected":false},"author":1,"featured_media":0,"parent":0,"menu_order":0,"comment_status":"closed","ping_status":"closed","template":"","meta":{"footnotes":""},"class_list":["post-25313","page","type-page","status-publish","hentry"],"rttpg_featured_image_url":null,"rttpg_author":{"display_name":"takayama","author_link":"https:\/\/takayama-site.com\/echographie\/author\/takayama\/"},"rttpg_comment":0,"rttpg_category":null,"rttpg_excerpt":"Vous recherchez un h\u00e9bergement pour le 26 septembre ? Ne cherchez plus ! Nous avons s\u00e9lectionn\u00e9 pour vous les meilleures offres disponibles [&hellip;]","_links":{"self":[{"href":"https:\/\/takayama-site.com\/echographie\/wp-json\/wp\/v2\/pages\/25313","targetHints":{"allow":["GET"]}}],"collection":[{"href":"https:\/\/takayama-site.com\/echographie\/wp-json\/wp\/v2\/pages"}],"about":[{"href":"https:\/\/takayama-site.com\/echographie\/wp-json\/wp\/v2\/types\/page"}],"author":[{"embeddable":true,"href":"https:\/\/takayama-site.com\/echographie\/wp-json\/wp\/v2\/users\/1"}],"replies":[{"embeddable":true,"href":"https:\/\/takayama-site.com\/echographie\/wp-json\/wp\/v2\/comments?post=25313"}],"version-history":[{"count":3,"href":"https:\/\/takayama-site.com\/echographie\/wp-json\/wp\/v2\/pages\/25313\/revisions"}],"predecessor-version":[{"id":25473,"href":"https:\/\/takayama-site.com\/echographie\/wp-json\/wp\/v2\/pages\/25313\/revisions\/25473"}],"wp:attachment":[{"href":"https:\/\/takayama-site.com\/echographie\/wp-json\/wp\/v2\/media?parent=25313"}],"curies":[{"name":"wp","href":"https:\/\/api.w.org\/{rel}","templated":true}]}}