{"id":25351,"date":"2025-06-19T09:54:24","date_gmt":"2025-06-19T09:54:24","guid":{"rendered":"https:\/\/takayama-site.com\/echographie\/?page_id=25351"},"modified":"2025-06-30T16:04:03","modified_gmt":"2025-06-30T16:04:03","slug":"venue","status":"publish","type":"page","link":"https:\/\/takayama-site.com\/echographie\/venue\/","title":{"rendered":"Venue"},"content":{"rendered":"<div class=\"elementor-element elementor-element-7493cbc elementor-widget elementor-widget-text-editor\" data-id=\"7493cbc\" data-element_type=\"widget\" data-widget_type=\"text-editor.default\">\n<p style=\"text-align: center;\"><strong>Fondation Biermans-Lap\u00f4tre<br \/>\n<\/strong>Cit\u00e9 Internationale Universitaire de Paris<br \/>\n9 A Bd Jourdan, 75014 Paris, France<\/p>\n<p>&nbsp;<\/p>\n<\/div>\n<div class=\"elementor-element elementor-element-a37a2d3 elementor-widget elementor-widget-image\" data-id=\"a37a2d3\" data-element_type=\"widget\" data-widget_type=\"image.default\"><img fetchpriority=\"high\" decoding=\"async\" class=\"wp-image-25398 aligncenter\" src=\"https:\/\/takayama-site.com\/echographie\/wp-content\/uploads\/2025\/06\/Fondation-Biermans-Lapo\u0302tre-scaled.jpeg\" alt=\"\" width=\"800\" height=\"600\" srcset=\"https:\/\/takayama-site.com\/echographie\/wp-content\/uploads\/2025\/06\/Fondation-Biermans-Lapo\u0302tre-scaled.jpeg 2560w, https:\/\/takayama-site.com\/echographie\/wp-content\/uploads\/2025\/06\/Fondation-Biermans-Lapo\u0302tre-300x225.jpeg 300w, https:\/\/takayama-site.com\/echographie\/wp-content\/uploads\/2025\/06\/Fondation-Biermans-Lapo\u0302tre-1024x768.jpeg 1024w, https:\/\/takayama-site.com\/echographie\/wp-content\/uploads\/2025\/06\/Fondation-Biermans-Lapo\u0302tre-768x576.jpeg 768w, https:\/\/takayama-site.com\/echographie\/wp-content\/uploads\/2025\/06\/Fondation-Biermans-Lapo\u0302tre-1536x1152.jpeg 1536w, https:\/\/takayama-site.com\/echographie\/wp-content\/uploads\/2025\/06\/Fondation-Biermans-Lapo\u0302tre-2048x1536.jpeg 2048w, https:\/\/takayama-site.com\/echographie\/wp-content\/uploads\/2025\/06\/Fondation-Biermans-Lapo\u0302tre-650x488.jpeg 650w\" sizes=\"(max-width: 800px) 100vw, 800px\" \/><\/div>\n<div data-id=\"a37a2d3\" data-element_type=\"widget\" data-widget_type=\"image.default\"><\/div>\n<div data-id=\"a37a2d3\" data-element_type=\"widget\" data-widget_type=\"image.default\">\n<p><strong>Moyens de transport \u00e0 proximit\u00e9<\/strong>: RER B &#8211; Tramway 3a Cit\u00e9 Universitaire<\/p>\n<\/div>\n<p style=\"text-align: center;\"><iframe style=\"border: 0;\" src=\"https:\/\/www.google.com\/maps\/embed?pb=!1m18!1m12!1m3!1d5254.075538112205!2d2.341208!3d48.819340800000006!2m3!1f0!2f0!3f0!3m2!1i1024!2i768!4f13.1!3m3!1m2!1s0x47e671a1a98df859%3A0xcc7ba7430f1f33db!2sFondation%20Biermans-Lap%C3%B4tre!5e0!3m2!1sfr!2sfr!4v1751299391367!5m2!1sfr!2sfr\" width=\"600\" height=\"450\" allowfullscreen=\"allowfullscreen\"><\/iframe><\/p>\n<hr \/>\n<p class=\"whitespace-normal\">Vous recherchez un h\u00e9bergement pour le 26 septembre ? Ne cherchez plus ! Nous avons s\u00e9lectionn\u00e9 pour vous les meilleures offres disponibles pour cette date.<\/p>\n<h2 class=\"text-xl font-bold text-text-100 mt-1 -mb-0.5\">Pourquoi r\u00e9server maintenant ?<\/h2>\n<p class=\"whitespace-normal\">En r\u00e9servant d\u00e8s maintenant, vous b\u00e9n\u00e9ficiez de :<\/p>\n<ul class=\"[&amp;:not(:last-child)_ul]:pb-1 [&amp;:not(:last-child)_ol]:pb-1 list-disc space-y-1.5 pl-7\">\n<li class=\"whitespace-normal break-words\">Des tarifs pr\u00e9f\u00e9rentiels avant les hausses de derni\u00e8re minute<\/li>\n<li class=\"whitespace-normal break-words\">Un plus grand choix de chambres et d&rsquo;options<\/li>\n<li class=\"whitespace-normal break-words\">La possibilit\u00e9 de planifier sereinement le reste de votre s\u00e9jour<\/li>\n<\/ul>\n<p><script id=\"revolugo-widget\" src=\"https:\/\/widget.revolugo.com\/embed\" data-wid=\"echographie-en-nephrologie-26-septembre\"><\/script><\/p>\n","protected":false},"excerpt":{"rendered":"<p>Fondation Biermans-Lap\u00f4tre Cit\u00e9 Internationale Universitaire de Paris 9 A Bd Jourdan, 75014 Paris, France &nbsp; Moyens de transport \u00e0 proximit\u00e9: RER B [&hellip;]<\/p>\n","protected":false},"author":1,"featured_media":0,"parent":0,"menu_order":0,"comment_status":"closed","ping_status":"closed","template":"","meta":{"footnotes":""},"class_list":["post-25351","page","type-page","status-publish","hentry"],"rttpg_featured_image_url":null,"rttpg_author":{"display_name":"takayama","author_link":"https:\/\/takayama-site.com\/echographie\/author\/takayama\/"},"rttpg_comment":0,"rttpg_category":null,"rttpg_excerpt":"Fondation Biermans-Lap\u00f4tre Cit\u00e9 Internationale Universitaire de Paris 9 A Bd Jourdan, 75014 Paris, France &nbsp; Moyens de transport \u00e0 proximit\u00e9: RER B [&hellip;]","_links":{"self":[{"href":"https:\/\/takayama-site.com\/echographie\/wp-json\/wp\/v2\/pages\/25351","targetHints":{"allow":["GET"]}}],"collection":[{"href":"https:\/\/takayama-site.com\/echographie\/wp-json\/wp\/v2\/pages"}],"about":[{"href":"https:\/\/takayama-site.com\/echographie\/wp-json\/wp\/v2\/types\/page"}],"author":[{"embeddable":true,"href":"https:\/\/takayama-site.com\/echographie\/wp-json\/wp\/v2\/users\/1"}],"replies":[{"embeddable":true,"href":"https:\/\/takayama-site.com\/echographie\/wp-json\/wp\/v2\/comments?post=25351"}],"version-history":[{"count":8,"href":"https:\/\/takayama-site.com\/echographie\/wp-json\/wp\/v2\/pages\/25351\/revisions"}],"predecessor-version":[{"id":25399,"href":"https:\/\/takayama-site.com\/echographie\/wp-json\/wp\/v2\/pages\/25351\/revisions\/25399"}],"wp:attachment":[{"href":"https:\/\/takayama-site.com\/echographie\/wp-json\/wp\/v2\/media?parent=25351"}],"curies":[{"name":"wp","href":"https:\/\/api.w.org\/{rel}","templated":true}]}}